{"id":4110,"date":"2026-01-29T19:27:56","date_gmt":"2026-01-29T19:27:56","guid":{"rendered":"https:\/\/asesoriagestema.com\/?page_id=4110"},"modified":"2026-02-02T19:22:27","modified_gmt":"2026-02-02T19:22:27","slug":"colaboraciones","status":"publish","type":"page","link":"https:\/\/asesoriagestema.com\/ca\/colaboraciones\/","title":{"rendered":"Col\u00b7laboracions professionals"},"content":{"rendered":"<div data-elementor-type=\"wp-page\" data-elementor-id=\"4110\" class=\"elementor elementor-4110\">\n\t\t\t\t<div class=\"elementor-element elementor-element-34bef7da e-flex e-con-boxed e-con e-parent\" data-id=\"34bef7da\" data-element_type=\"container\" data-e-type=\"container\">\n\t\t\t\t\t<div class=\"e-con-inner\">\n\t\t<div class=\"elementor-element elementor-element-7c2a7615 e-con-full e-flex e-con e-child\" data-id=\"7c2a7615\" data-element_type=\"container\" data-e-type=\"container\">\n\t\t\t\t<div class=\"elementor-element elementor-element-2f2583c1 elementor-widget__width-initial elementor-widget-tablet__width-initial aleft elementor-invisible elementor-widget elementor-widget-wgl-double-heading\" data-id=\"2f2583c1\" data-element_type=\"widget\" data-e-type=\"widget\" data-settings=\"{&quot;_animation&quot;:&quot;wgl_fade_up&quot;,&quot;_animation_delay&quot;:200}\" data-widget_type=\"wgl-double-heading.default\">\n\t\t\t\t<div class=\"elementor-widget-container\">\n\t\t\t\t\t<div class=\"wgl-double-heading\"><div class=\"dblh__subtitle\">Treballa amb nosaltres<\/div><h2 class=\"dblh__title-wrapper\"><span class=\"dblh__title dblh__title-1\"><span>Col\u00b7laboracions amb professionals externs<\/span><\/span><\/h2><\/div>\t\t\t\t<\/div>\n\t\t\t\t<\/div>\n\t\t\t\t<\/div>\n\t\t\t\t\t<\/div>\n\t\t\t\t<\/div>\n\t\t<div class=\"elementor-element elementor-element-1e04e2eb e-flex e-con-boxed e-con e-parent\" data-id=\"1e04e2eb\" data-element_type=\"container\" data-e-type=\"container\">\n\t\t\t\t\t<div class=\"e-con-inner\">\n\t\t<div class=\"elementor-element elementor-element-137d5b8e e-con-full e-flex e-con e-child\" data-id=\"137d5b8e\" data-element_type=\"container\" data-e-type=\"container\">\n\t\t<div class=\"elementor-element elementor-element-6618e389 e-con-full e-flex e-con e-child\" data-id=\"6618e389\" data-element_type=\"container\" data-e-type=\"container\">\n\t\t<div class=\"elementor-element elementor-element-7a5a2374 e-con-full e-flex elementor-invisible e-con e-child\" data-id=\"7a5a2374\" data-element_type=\"container\" data-e-type=\"container\" data-settings=\"{&quot;animation&quot;:&quot;wgl_fade_left&quot;,&quot;animation_mobile&quot;:&quot;wgl_fade_up&quot;}\">\n\t\t\t\t<div class=\"elementor-element elementor-element-29f644c elementor-widget elementor-widget-image\" data-id=\"29f644c\" data-element_type=\"widget\" data-e-type=\"widget\" data-widget_type=\"image.default\">\n\t\t\t\t\t\t\t\t\t\t\t\t\t\t\t<img fetchpriority=\"high\" decoding=\"async\" width=\"1024\" height=\"1333\" src=\"https:\/\/asesoriagestema.com\/wp-content\/uploads\/2026\/01\/Group-45.webp\" class=\"attachment-full size-full wp-image-4426\" alt=\"\" srcset=\"https:\/\/asesoriagestema.com\/wp-content\/uploads\/2026\/01\/Group-45.webp 1024w, https:\/\/asesoriagestema.com\/wp-content\/uploads\/2026\/01\/Group-45-230x300.webp 230w, https:\/\/asesoriagestema.com\/wp-content\/uploads\/2026\/01\/Group-45-787x1024.webp 787w, https:\/\/asesoriagestema.com\/wp-content\/uploads\/2026\/01\/Group-45-768x1000.webp 768w, https:\/\/asesoriagestema.com\/wp-content\/uploads\/2026\/01\/Group-45-9x12.webp 9w\" sizes=\"(max-width: 1024px) 100vw, 1024px\" \/>\t\t\t\t\t\t\t\t\t\t\t\t\t\t\t<\/div>\n\t\t\t\t<\/div>\n\t\t<div class=\"elementor-element elementor-element-74a3154f e-con-full e-flex elementor-invisible e-con e-child\" data-id=\"74a3154f\" data-element_type=\"container\" data-e-type=\"container\" data-settings=\"{&quot;animation&quot;:&quot;wgl_fade_right&quot;,&quot;animation_mobile&quot;:&quot;wgl_fade_up&quot;}\">\n\t\t\t\t<div class=\"elementor-element elementor-element-74bee8cb elementor-widget__width-initial elementor-widget elementor-widget-text-editor\" data-id=\"74bee8cb\" data-element_type=\"widget\" data-e-type=\"widget\" data-widget_type=\"text-editor.default\">\n\t\t\t\t\t\t\t\t\t<p data-start=\"1057\" data-end=\"1336\">En <strong data-start=\"1090\" data-end=\"1101\">Gestema<\/strong> impulsem col\u00b7laboracions professionals en l'\u00e0mbit de l'efici\u00e8ncia energ\u00e8tica i l'optimitzaci\u00f3 del consum. Treballem amb perfils t\u00e8cnics i comercials que desitgen cr\u00e9ixer al costat d'un equip especialitzat i en constant evoluci\u00f3.<\/p><p data-start=\"1338\" data-end=\"1532\">Col\u00b7laborem amb administradors de finques, enginyers, instal\u00b7ladors el\u00e8ctrics i altres professionals del sector energ\u00e8tic, oferint un entorn de cooperaci\u00f3, confian\u00e7a i desenvolupament conjunt.<\/p>\t\t\t\t\t\t\t\t<\/div>\n\t\t\t\t<div class=\"elementor-element elementor-element-1bc433ff elementor-widget elementor-widget-spacer\" data-id=\"1bc433ff\" data-element_type=\"widget\" data-e-type=\"widget\" data-widget_type=\"spacer.default\">\n\t\t\t\t\t\t\t<div class=\"elementor-spacer\">\n\t\t\t<div class=\"elementor-spacer-inner\"><\/div>\n\t\t<\/div>\n\t\t\t\t\t\t<\/div>\n\t\t\t\t<div class=\"elementor-element elementor-element-55ca21f0 has-bg_animation aleft elementor-invisible elementor-widget elementor-widget-wgl-button\" data-id=\"55ca21f0\" data-element_type=\"widget\" data-e-type=\"widget\" data-settings=\"{&quot;_animation&quot;:&quot;fadeInUp&quot;,&quot;_animation_delay&quot;:200}\" data-widget_type=\"wgl-button.default\">\n\t\t\t\t<div class=\"elementor-widget-container\">\n\t\t\t\t\t<a class=\"wgl-button wgl-widget__button\" href=\"#solicitar\" role=\"button\"><div class=\"button__content\"><span class=\"button__text\">Sol\u00b7licitar col\u00b7laboraci\u00f3<\/span><\/div><\/a>\t\t\t\t<\/div>\n\t\t\t\t<\/div>\n\t\t\t\t<\/div>\n\t\t\t\t<\/div>\n\t\t\t\t<\/div>\n\t\t\t\t\t<\/div>\n\t\t\t\t<\/div>\n\t\t<div class=\"elementor-element elementor-element-23198c5a e-con-full e-flex e-con e-parent\" data-id=\"23198c5a\" data-element_type=\"container\" data-e-type=\"container\">\n\t\t\t\t<div class=\"elementor-element elementor-element-1a511231 elementor-widget elementor-widget-spacer\" data-id=\"1a511231\" data-element_type=\"widget\" data-e-type=\"widget\" data-widget_type=\"spacer.default\">\n\t\t\t\t\t\t\t<div class=\"elementor-spacer\">\n\t\t\t<div class=\"elementor-spacer-inner\"><\/div>\n\t\t<\/div>\n\t\t\t\t\t\t<\/div>\n\t\t\t\t<div class=\"elementor-element elementor-element-370a79da acenter wgl-title-appearance-mask_image elementor-widget elementor-widget-wgl-background-clip-text\" data-id=\"370a79da\" data-element_type=\"widget\" data-e-type=\"widget\" data-widget_type=\"wgl-background-clip-text.default\">\n\t\t\t\t<div class=\"elementor-widget-container\">\n\t\t\t\t\t<div class=\"wgl-background-clip-text\"><a class=\"clip-text__link\" href=\"mailto:info@asesoriagestema.com\"><h3 class=\"clip-text__title\">info@asesoriagestema.com<\/h3><\/a><\/div>\t\t\t\t<\/div>\n\t\t\t\t<\/div>\n\t\t\t\t<div class=\"elementor-element elementor-element-20ff7acf elementor-widget elementor-widget-spacer\" data-id=\"20ff7acf\" data-element_type=\"widget\" data-e-type=\"widget\" data-widget_type=\"spacer.default\">\n\t\t\t\t\t\t\t<div class=\"elementor-spacer\">\n\t\t\t<div class=\"elementor-spacer-inner\"><\/div>\n\t\t<\/div>\n\t\t\t\t\t\t<\/div>\n\t\t\t\t<\/div>\n\t\t<div class=\"elementor-element elementor-element-2b75938e e-flex e-con-boxed e-con e-parent\" data-id=\"2b75938e\" data-element_type=\"container\" data-e-type=\"container\">\n\t\t\t\t\t<div class=\"e-con-inner\">\n\t\t\t\t<div class=\"elementor-element elementor-element-9e1eb62 elementor-widget elementor-widget-html\" data-id=\"9e1eb62\" data-element_type=\"widget\" data-e-type=\"widget\" data-widget_type=\"html.default\">\n\t\t\t\t\t<a id=\"solicitar\"><\/a>\t\t\t\t<\/div>\n\t\t\t\t\t<\/div>\n\t\t\t\t<\/div>\n\t\t<div class=\"elementor-element elementor-element-423eefeb e-flex e-con-boxed e-con e-parent\" data-id=\"423eefeb\" data-element_type=\"container\" data-e-type=\"container\" data-settings=\"{&quot;background_background&quot;:&quot;classic&quot;}\">\n\t\t\t\t\t<div class=\"e-con-inner\">\n\t\t\t\t<div class=\"elementor-element elementor-element-72eb5501 elementor-widget elementor-widget-spacer\" data-id=\"72eb5501\" data-element_type=\"widget\" data-e-type=\"widget\" data-widget_type=\"spacer.default\">\n\t\t\t\t\t\t\t<div class=\"elementor-spacer\">\n\t\t\t<div class=\"elementor-spacer-inner\"><\/div>\n\t\t<\/div>\n\t\t\t\t\t\t<\/div>\n\t\t<div class=\"elementor-element elementor-element-663bc3e5 e-con-full e-flex e-con e-child\" data-id=\"663bc3e5\" data-element_type=\"container\" data-e-type=\"container\">\n\t\t<div class=\"elementor-element elementor-element-543190fc e-con-full e-flex e-con e-child\" data-id=\"543190fc\" data-element_type=\"container\" data-e-type=\"container\">\n\t\t\t\t<div class=\"elementor-element elementor-element-5e231ff5 aleft elementor-widget elementor-widget-wgl-text-editor\" data-id=\"5e231ff5\" data-element_type=\"widget\" data-e-type=\"widget\" data-settings=\"{&quot;text_appear_animation&quot;:&quot;fadeIn&quot;}\" data-widget_type=\"wgl-text-editor.default\">\n\t\t\t\t<div class=\"elementor-widget-container\">\n\t\t\t\t\t<div class=\"wgl-text-editor text_appear appear-letters\"><h3 class=\"text-editor_wrapper\"><span><span class=\"word\"><span class=\"target fadeIn\" style=\"--wgl-text-delay: 100ms\">S<\/span><span class=\"target fadeIn\" style=\"--wgl-text-delay: 200ms\">o<\/span><span class=\"target fadeIn\" style=\"--wgl-text-delay: 300ms\">l<\/span><span class=\"target fadeIn\" style=\"--wgl-text-delay: 400ms\">i<\/span><span class=\"target fadeIn\" style=\"--wgl-text-delay: 500ms\">c<\/span><span class=\"target fadeIn\" style=\"--wgl-text-delay: 600ms\">i<\/span><span class=\"target fadeIn\" style=\"--wgl-text-delay: 700ms\">t<\/span><span class=\"target fadeIn\" style=\"--wgl-text-delay: 800ms\">a<\/span><span class=\"target fadeIn\" style=\"--wgl-text-delay: 900ms\">r<\/span><\/span><\/span><\/h3><\/div>\t\t\t\t<\/div>\n\t\t\t\t<\/div>\n\t\t\t\t<\/div>\n\t\t<div class=\"elementor-element elementor-element-36665a37 e-con-full e-flex e-con e-child\" data-id=\"36665a37\" data-element_type=\"container\" data-e-type=\"container\" data-settings=\"{&quot;background_background&quot;:&quot;classic&quot;}\">\n\t\t<div class=\"elementor-element elementor-element-e001d48 e-con-full e-flex e-con e-child\" data-id=\"e001d48\" data-element_type=\"container\" data-e-type=\"container\" data-settings=\"{&quot;background_background&quot;:&quot;classic&quot;}\">\n\t\t<div class=\"elementor-element elementor-element-283d6a7 e-con-full e-flex elementor-invisible e-con e-child\" data-id=\"283d6a7\" data-element_type=\"container\" data-e-type=\"container\" data-settings=\"{&quot;background_background&quot;:&quot;classic&quot;,&quot;animation&quot;:&quot;wgl_fade_right&quot;}\">\n\t\t\t\t<div class=\"elementor-element elementor-element-cefc300 aleft elementor-widget elementor-widget-wgl-double-heading\" data-id=\"cefc300\" data-element_type=\"widget\" data-e-type=\"widget\" data-widget_type=\"wgl-double-heading.default\">\n\t\t\t\t<div class=\"elementor-widget-container\">\n\t\t\t\t\t<div class=\"wgl-double-heading\"><h3 class=\"dblh__title-wrapper\"><span class=\"dblh__title dblh__title-1\"><span>Escriu-nos<\/span><\/span><\/h3><\/div>\t\t\t\t<\/div>\n\t\t\t\t<\/div>\n\t\t\t\t<div class=\"elementor-element elementor-element-d129c66 elementor-widget elementor-widget-text-editor\" data-id=\"d129c66\" data-element_type=\"widget\" data-e-type=\"widget\" data-widget_type=\"text-editor.default\">\n\t\t\t\t\t\t\t\t\t<p>La teva adre\u00e7a de correu no ser\u00e0 publicada. Els camps obligatoris estan marcats amb *<\/p>\t\t\t\t\t\t\t\t<\/div>\n\t\t\t\t<div class=\"elementor-element elementor-element-ebf1abe aleft elementor-widget elementor-widget-wgl-contact-form-7\" data-id=\"ebf1abe\" data-element_type=\"widget\" data-e-type=\"widget\" data-widget_type=\"wgl-contact-form-7.default\">\n\t\t\t\t<div class=\"elementor-widget-container\">\n\t\t\t\t\t<div class=\"wgl-contact-form-7\">\n<div class=\"wpcf7 no-js\" id=\"wpcf7-f699-o1\" lang=\"en-US\" dir=\"ltr\" data-wpcf7-id=\"699\">\n<div class=\"screen-reader-response\"><p role=\"status\" aria-live=\"polite\" aria-atomic=\"true\"><\/p> <ul><\/ul><\/div>\n<form action=\"\/ca\/wp-json\/wp\/v2\/pages\/4110#wpcf7-f699-o1\" method=\"post\" class=\"wpcf7-form init\" aria-label=\"Formulari de contacte\" enctype=\"multipart\/form-data\" novalidate=\"novalidate\" data-status=\"init\" data-trp-original-action=\"\/ca\/wp-json\/wp\/v2\/pages\/4110#wpcf7-f699-o1\">\n<fieldset class=\"hidden-fields-container\"><input type=\"hidden\" name=\"_wpcf7\" value=\"699\" \/><input type=\"hidden\" name=\"_wpcf7_version\" value=\"6.1.5\" \/><input type=\"hidden\" name=\"_wpcf7_locale\" value=\"en_US\" \/><input type=\"hidden\" name=\"_wpcf7_unit_tag\" value=\"wpcf7-f699-o1\" \/><input type=\"hidden\" name=\"_wpcf7_container_post\" value=\"0\" \/><input type=\"hidden\" name=\"_wpcf7_posted_data_hash\" value=\"\" \/>\n<\/fieldset>\n<div class=\"wgl-wpcf7-wrapper\"><div class='row'>\n<div class='wgl_col-12'>\n<span class=\"wpcf7-form-control-wrap\" data-name=\"label-name\"><input size=\"40\" maxlength=\"400\" class=\"wpcf7-form-control wpcf7-text wpcf7-validates-as-required\" aria-required=\"true\" aria-invalid=\"false\" placeholder=\"Nom i Cognoms *\" value=\"\" type=\"text\" name=\"label-name\" \/><\/span>\n<\/div>\n<div class='wgl_col-12'>\n<span class=\"wpcf7-form-control-wrap\" data-name=\"label-email\"><input size=\"40\" maxlength=\"400\" class=\"wpcf7-form-control wpcf7-email wpcf7-validates-as-required wpcf7-text wpcf7-validates-as-email\" aria-required=\"true\" aria-invalid=\"false\" placeholder=\"Email *\" value=\"\" type=\"email\" name=\"label-email\" \/><\/span>\n<\/div>\n<div class='wgl_col-12'>\n<span class=\"wpcf7-form-control-wrap\" data-name=\"label-phone\"><input size=\"40\" maxlength=\"400\" class=\"wpcf7-form-control wpcf7-text wpcf7-validates-as-required\" aria-required=\"true\" aria-invalid=\"false\" placeholder=\"Tel\u00e8fon *\" value=\"\" type=\"text\" name=\"label-phone\" \/><\/span>\n<\/div>\n<div class='wgl_col-12'>\n<span class=\"wpcf7-form-control-wrap\" data-name=\"label-textarea\"><textarea cols=\"40\" rows=\"10\" maxlength=\"2000\" class=\"wpcf7-form-control wpcf7-textarea\" aria-invalid=\"false\" placeholder=\"Missatge\" name=\"label-textarea\"><\/textarea><\/span>\n<\/div>\n<div class='wgl_col-12'>\n<p>Adjunteu la factura (opcional)<\/p>\n<span class=\"wpcf7-form-control-wrap\" data-name=\"file-upload\"><input size=\"40\" class=\"wpcf7-form-control wpcf7-file\" accept=\".pdf\" aria-invalid=\"false\" type=\"file\" name=\"file-upload\" \/><\/span>\n<br\/>\n<\/div>\n<div class='wgl_col-12'>\n<button  class=\"wpcf7-form-control wpcf7-submit has-spinner wgl-button wgl-wpcf7-button\" type=\"submit\"><span class=\"button__content\"><span>ENVIAR<\/span><\/span><\/button>\n<\/div>\n<\/div><\/div><div class=\"wpcf7-response-output\" aria-hidden=\"true\"><\/div>\n<input type=\"hidden\" name=\"trp-form-language\" value=\"ca\"\/><\/form>\n<\/div>\n<\/div>\t\t\t\t<\/div>\n\t\t\t\t<\/div>\n\t\t\t\t<\/div>\n\t\t\t\t<\/div>\n\t\t\t\t<\/div>\n\t\t\t\t<\/div>\n\t\t\t\t<div class=\"elementor-element elementor-element-6bc0996e elementor-widget elementor-widget-spacer\" data-id=\"6bc0996e\" data-element_type=\"widget\" data-e-type=\"widget\" data-widget_type=\"spacer.default\">\n\t\t\t\t\t\t\t<div class=\"elementor-spacer\">\n\t\t\t<div class=\"elementor-spacer-inner\"><\/div>\n\t\t<\/div>\n\t\t\t\t\t\t<\/div>\n\t\t\t\t\t<\/div>\n\t\t\t\t<\/div>\n\t\t\t\t<\/div>","protected":false},"excerpt":{"rendered":"<p>Trabaja con nosotros Colaboraciones con profesionales externos En Gestema impulsamos colaboraciones profesionales en el \u00e1mbito de la eficiencia energ\u00e9tica y la optimizaci\u00f3n del consumo. Trabajamos con perfiles t\u00e9cnicos y comerciales que desean crecer junto a un equipo especializado y en constante evoluci\u00f3n. Colaboramos con administradores de fincas, ingenieros, instaladores el\u00e9ctricos y otros profesionales del sector [&hellip;]<\/p>\n","protected":false},"author":1,"featured_media":1750,"parent":0,"menu_order":0,"comment_status":"closed","ping_status":"closed","template":"","meta":{"footnotes":""},"class_list":["post-4110","page","type-page","status-publish","has-post-thumbnail","hentry"],"_links":{"self":[{"href":"https:\/\/asesoriagestema.com\/ca\/wp-json\/wp\/v2\/pages\/4110","targetHints":{"allow":["GET"]}}],"collection":[{"href":"https:\/\/asesoriagestema.com\/ca\/wp-json\/wp\/v2\/pages"}],"about":[{"href":"https:\/\/asesoriagestema.com\/ca\/wp-json\/wp\/v2\/types\/page"}],"author":[{"embeddable":true,"href":"https:\/\/asesoriagestema.com\/ca\/wp-json\/wp\/v2\/users\/1"}],"replies":[{"embeddable":true,"href":"https:\/\/asesoriagestema.com\/ca\/wp-json\/wp\/v2\/comments?post=4110"}],"version-history":[{"count":19,"href":"https:\/\/asesoriagestema.com\/ca\/wp-json\/wp\/v2\/pages\/4110\/revisions"}],"predecessor-version":[{"id":4662,"href":"https:\/\/asesoriagestema.com\/ca\/wp-json\/wp\/v2\/pages\/4110\/revisions\/4662"}],"wp:featuredmedia":[{"embeddable":true,"href":"https:\/\/asesoriagestema.com\/ca\/wp-json\/wp\/v2\/media\/1750"}],"wp:attachment":[{"href":"https:\/\/asesoriagestema.com\/ca\/wp-json\/wp\/v2\/media?parent=4110"}],"curies":[{"name":"wp","href":"https:\/\/api.w.org\/{rel}","templated":true}]}}