{"id":83,"date":"2025-12-09T17:42:21","date_gmt":"2025-12-09T17:42:21","guid":{"rendered":"https:\/\/wgl-dsites.net\/aerra\/?page_id=83"},"modified":"2026-02-03T13:53:26","modified_gmt":"2026-02-03T13:53:26","slug":"contacto","status":"publish","type":"page","link":"https:\/\/asesoriagestema.com\/ca\/contacto\/","title":{"rendered":"Contacte"},"content":{"rendered":"<div data-elementor-type=\"wp-page\" data-elementor-id=\"83\" class=\"elementor elementor-83\">\n\t\t\t\t<div class=\"elementor-element elementor-element-696eafc e-flex e-con-boxed e-con e-parent\" data-id=\"696eafc\" data-element_type=\"container\" data-e-type=\"container\">\n\t\t\t\t\t<div class=\"e-con-inner\">\n\t\t<div class=\"elementor-element elementor-element-7d5a345 e-con-full e-flex elementor-invisible e-con e-child\" data-id=\"7d5a345\" data-element_type=\"container\" data-e-type=\"container\" data-settings=\"{&quot;animation&quot;:&quot;wgl_fade_left&quot;}\">\n\t\t\t\t<div class=\"elementor-element elementor-element-3a1e431 aleft elementor-widget elementor-widget-wgl-double-heading\" data-id=\"3a1e431\" data-element_type=\"widget\" data-e-type=\"widget\" data-widget_type=\"wgl-double-heading.default\">\n\t\t\t\t<div class=\"elementor-widget-container\">\n\t\t\t\t\t<div class=\"wgl-double-heading\"><div class=\"dblh__subtitle\">SOM AQU\u00cd PER A AJUDAR-TE<\/div><h3 class=\"dblh__title-wrapper\"><span class=\"dblh__title dblh__title-1\"><span>Contacta amb nosaltres <\/span><\/span><span class=\"dblh__title dblh__title-2\"><span>en qualsevol moment <\/span><\/span><span class=\"dblh__title dblh__title-3\"><span>per a assessorar-te<\/span><\/span><\/h3><\/div>\t\t\t\t<\/div>\n\t\t\t\t<\/div>\n\t\t\t\t<div class=\"elementor-element elementor-element-cd7ea8f elementor-widget__width-initial elementor-widget elementor-widget-text-editor\" data-id=\"cd7ea8f\" data-element_type=\"widget\" data-e-type=\"widget\" data-widget_type=\"text-editor.default\">\n\t\t\t\t\t\t\t\t\t<p data-start=\"376\" data-end=\"547\">Posa't en contacte amb Gestema per a analitzar la teva situaci\u00f3 energ\u00e8tica i resoldre qualsevol dubte.<\/p>\t\t\t\t\t\t\t\t<\/div>\n\t\t<div class=\"elementor-element elementor-element-6be649b e-con-full e-flex e-con e-child\" data-id=\"6be649b\" data-element_type=\"container\" data-e-type=\"container\">\n\t\t<div class=\"elementor-element elementor-element-7d01edb e-con-full e-flex e-con e-child\" data-id=\"7d01edb\" data-element_type=\"container\" data-e-type=\"container\">\n\t\t\t\t<div class=\"elementor-element elementor-element-b5631b4 elementor-widget__width-initial aleft elementor-widget elementor-widget-wgl-infobox\" data-id=\"b5631b4\" data-element_type=\"widget\" data-e-type=\"widget\" data-widget_type=\"wgl-infobox.default\">\n\t\t\t\t<div class=\"elementor-widget-container\">\n\t\t\t\t\t<div class=\"wgl-infobox_bg_wrapper\"><\/div><div class=\"wgl-infobox\"><div class=\"wgl-infobox_wrapper\"><div class=\"content_wrapper\"><div class=\"wgl-infobox-title_wrapper\"><h3 class=\"wgl-infobox_title\"><span class=\"wgl-infobox_title-idle\"><span class=\"elementor-repeater-item-d587a21\">ON ESTEM:<\/span><\/span><\/h3><\/div><div class=\"wgl-infobox-content_wrapper\"><div class=\"wgl-infobox-content\"><p><span style=\"font-weight: 400;\">Carrer d'Arag\u00f3, 366, Eixample, 08009 Barcelona<\/span><\/p><\/div><\/div><\/div><\/div><\/div>\t\t\t\t<\/div>\n\t\t\t\t<\/div>\n\t\t\t\t<\/div>\n\t\t<div class=\"elementor-element elementor-element-4c4c610 e-con-full e-flex e-con e-child\" data-id=\"4c4c610\" data-element_type=\"container\" data-e-type=\"container\">\n\t\t\t\t<div class=\"elementor-element elementor-element-1379bfd elementor-widget__width-initial aleft elementor-widget elementor-widget-wgl-infobox\" data-id=\"1379bfd\" data-element_type=\"widget\" data-e-type=\"widget\" data-widget_type=\"wgl-infobox.default\">\n\t\t\t\t<div class=\"elementor-widget-container\">\n\t\t\t\t\t<div class=\"wgl-infobox_bg_wrapper\"><\/div><div class=\"wgl-infobox\"><div class=\"wgl-infobox_wrapper\"><div class=\"content_wrapper\"><div class=\"wgl-infobox-title_wrapper\"><h3 class=\"wgl-infobox_title\"><span class=\"wgl-infobox_title-idle\"><span class=\"elementor-repeater-item-d587a21\">CRIDA'NS:<\/span><\/span><\/h3><\/div><div class=\"wgl-infobox-content_wrapper\"><div class=\"wgl-infobox-content\"><p><a href=\"tel:+34659156856\"><span style=\"font-weight: 400;\">+34 659 156 856<\/span><\/a><\/p><\/div><\/div><\/div><\/div><\/div>\t\t\t\t<\/div>\n\t\t\t\t<\/div>\n\t\t\t\t<\/div>\n\t\t<div class=\"elementor-element elementor-element-24505cf e-con-full e-flex e-con e-child\" data-id=\"24505cf\" data-element_type=\"container\" data-e-type=\"container\">\n\t\t\t\t<div class=\"elementor-element elementor-element-03f4086 elementor-widget__width-initial aleft elementor-widget elementor-widget-wgl-infobox\" data-id=\"03f4086\" data-element_type=\"widget\" data-e-type=\"widget\" data-widget_type=\"wgl-infobox.default\">\n\t\t\t\t<div class=\"elementor-widget-container\">\n\t\t\t\t\t<div class=\"wgl-infobox_bg_wrapper\"><\/div><div class=\"wgl-infobox\"><div class=\"wgl-infobox_wrapper\"><div class=\"content_wrapper\"><div class=\"wgl-infobox-title_wrapper\"><h3 class=\"wgl-infobox_title\"><span class=\"wgl-infobox_title-idle\"><span class=\"elementor-repeater-item-d587a21\">ESCRIU-NOS:<\/span><\/span><\/h3><\/div><div class=\"wgl-infobox-content_wrapper\"><div class=\"wgl-infobox-content\"><p><a href=\"mailto:info@asesoriagestema.com\"><span style=\"font-weight: 400;\">info@asesoriagestema.com<\/span><\/a><\/p><\/div><\/div><\/div><\/div><\/div>\t\t\t\t<\/div>\n\t\t\t\t<\/div>\n\t\t\t\t<\/div>\n\t\t\t\t<\/div>\n\t\t\t\t<\/div>\n\t\t<div class=\"elementor-element elementor-element-a5e1ac8 e-con-full e-flex e-con e-child\" data-id=\"a5e1ac8\" data-element_type=\"container\" data-e-type=\"container\" data-settings=\"{&quot;background_background&quot;:&quot;classic&quot;}\">\n\t\t<div class=\"elementor-element elementor-element-be72313 e-con-full e-flex elementor-invisible e-con e-child\" data-id=\"be72313\" data-element_type=\"container\" data-e-type=\"container\" data-settings=\"{&quot;background_background&quot;:&quot;classic&quot;,&quot;animation&quot;:&quot;wgl_fade_right&quot;}\">\n\t\t\t\t<div class=\"elementor-element elementor-element-0e6de99 aleft elementor-widget elementor-widget-wgl-double-heading\" data-id=\"0e6de99\" data-element_type=\"widget\" data-e-type=\"widget\" data-widget_type=\"wgl-double-heading.default\">\n\t\t\t\t<div class=\"elementor-widget-container\">\n\t\t\t\t\t<div class=\"wgl-double-heading\"><h3 class=\"dblh__title-wrapper\"><span class=\"dblh__title dblh__title-1\"><span>Escriu-nos<\/span><\/span><\/h3><\/div>\t\t\t\t<\/div>\n\t\t\t\t<\/div>\n\t\t\t\t<div class=\"elementor-element elementor-element-6da7e1b elementor-widget elementor-widget-text-editor\" data-id=\"6da7e1b\" data-element_type=\"widget\" data-e-type=\"widget\" data-widget_type=\"text-editor.default\">\n\t\t\t\t\t\t\t\t\t<p>La teva adre\u00e7a de correu no ser\u00e0 publicada. Els camps obligatoris estan marcats amb *<\/p>\t\t\t\t\t\t\t\t<\/div>\n\t\t\t\t<div class=\"elementor-element elementor-element-ddbfff7 aleft elementor-widget elementor-widget-wgl-contact-form-7\" data-id=\"ddbfff7\" data-element_type=\"widget\" data-e-type=\"widget\" data-widget_type=\"wgl-contact-form-7.default\">\n\t\t\t\t<div class=\"elementor-widget-container\">\n\t\t\t\t\t<div class=\"wgl-contact-form-7\">\n<div class=\"wpcf7 no-js\" id=\"wpcf7-f699-o1\" lang=\"en-US\" dir=\"ltr\" data-wpcf7-id=\"699\">\n<div class=\"screen-reader-response\"><p role=\"status\" aria-live=\"polite\" aria-atomic=\"true\"><\/p> <ul><\/ul><\/div>\n<form action=\"\/ca\/wp-json\/wp\/v2\/pages\/83#wpcf7-f699-o1\" method=\"post\" class=\"wpcf7-form init\" aria-label=\"Formulari de contacte\" enctype=\"multipart\/form-data\" novalidate=\"novalidate\" data-status=\"init\" data-trp-original-action=\"\/ca\/wp-json\/wp\/v2\/pages\/83#wpcf7-f699-o1\">\n<fieldset class=\"hidden-fields-container\"><input type=\"hidden\" name=\"_wpcf7\" value=\"699\" \/><input type=\"hidden\" name=\"_wpcf7_version\" value=\"6.1.5\" \/><input type=\"hidden\" name=\"_wpcf7_locale\" value=\"en_US\" \/><input type=\"hidden\" name=\"_wpcf7_unit_tag\" value=\"wpcf7-f699-o1\" \/><input type=\"hidden\" name=\"_wpcf7_container_post\" value=\"0\" \/><input type=\"hidden\" name=\"_wpcf7_posted_data_hash\" value=\"\" \/>\n<\/fieldset>\n<div class=\"wgl-wpcf7-wrapper\"><div class='row'>\n<div class='wgl_col-12'>\n<span class=\"wpcf7-form-control-wrap\" data-name=\"label-name\"><input size=\"40\" maxlength=\"400\" class=\"wpcf7-form-control wpcf7-text wpcf7-validates-as-required\" aria-required=\"true\" aria-invalid=\"false\" placeholder=\"Nom i Cognoms *\" value=\"\" type=\"text\" name=\"label-name\" \/><\/span>\n<\/div>\n<div class='wgl_col-12'>\n<span class=\"wpcf7-form-control-wrap\" data-name=\"label-email\"><input size=\"40\" maxlength=\"400\" class=\"wpcf7-form-control wpcf7-email wpcf7-validates-as-required wpcf7-text wpcf7-validates-as-email\" aria-required=\"true\" aria-invalid=\"false\" placeholder=\"Email *\" value=\"\" type=\"email\" name=\"label-email\" \/><\/span>\n<\/div>\n<div class='wgl_col-12'>\n<span class=\"wpcf7-form-control-wrap\" data-name=\"label-phone\"><input size=\"40\" maxlength=\"400\" class=\"wpcf7-form-control wpcf7-text wpcf7-validates-as-required\" aria-required=\"true\" aria-invalid=\"false\" placeholder=\"Tel\u00e8fon *\" value=\"\" type=\"text\" name=\"label-phone\" \/><\/span>\n<\/div>\n<div class='wgl_col-12'>\n<span class=\"wpcf7-form-control-wrap\" data-name=\"label-textarea\"><textarea cols=\"40\" rows=\"10\" maxlength=\"2000\" class=\"wpcf7-form-control wpcf7-textarea\" aria-invalid=\"false\" placeholder=\"Missatge\" name=\"label-textarea\"><\/textarea><\/span>\n<\/div>\n<div class='wgl_col-12'>\n<p>Adjunteu la factura (opcional)<\/p>\n<span class=\"wpcf7-form-control-wrap\" data-name=\"file-upload\"><input size=\"40\" class=\"wpcf7-form-control wpcf7-file\" accept=\".pdf\" aria-invalid=\"false\" type=\"file\" name=\"file-upload\" \/><\/span>\n<br\/>\n<\/div>\n<div class='wgl_col-12'>\n<button  class=\"wpcf7-form-control wpcf7-submit has-spinner wgl-button wgl-wpcf7-button\" type=\"submit\"><span class=\"button__content\"><span>ENVIAR<\/span><\/span><\/button>\n<\/div>\n<\/div><\/div><div class=\"wpcf7-response-output\" aria-hidden=\"true\"><\/div>\n<input type=\"hidden\" name=\"trp-form-language\" value=\"ca\"\/><\/form>\n<\/div>\n<\/div>\t\t\t\t<\/div>\n\t\t\t\t<\/div>\n\t\t\t\t<\/div>\n\t\t\t\t<\/div>\n\t\t\t\t\t<\/div>\n\t\t\t\t<\/div>\n\t\t<div class=\"elementor-element elementor-element-7173ef6 e-con-full e-flex elementor-invisible e-con e-parent\" data-id=\"7173ef6\" data-element_type=\"container\" data-e-type=\"container\" data-settings=\"{&quot;animation&quot;:&quot;wgl_fade&quot;}\">\n\t\t\t\t<div class=\"elementor-element elementor-element-2f8c291 elementor-widget elementor-widget-google_maps\" data-id=\"2f8c291\" data-element_type=\"widget\" data-e-type=\"widget\" data-widget_type=\"google_maps.default\">\n\t\t\t\t\t\t\t<div class=\"elementor-custom-embed\">\n\t\t\t<iframe loading=\"lazy\"\n\t\t\t\t\tsrc=\"https:\/\/maps.google.com\/maps?q=asesoria%20gestema%2C%20barcelona&#038;t=m&#038;z=15&#038;output=embed&#038;iwloc=near\"\n\t\t\t\t\ttitle=\"asesoria gestema, barcelona\"\n\t\t\t\t\taria-label=\"asesoria gestema, barcelona\"\n\t\t\t><\/iframe>\n\t\t<\/div>\n\t\t\t\t\t\t<\/div>\n\t\t\t\t<\/div>\n\t\t\t\t<\/div>","protected":false},"excerpt":{"rendered":"<p>ESTAMOS AQU\u00cd PARA AYUDARTE Contacta con nosotros en cualquier momento para asesorarte Ponte en contacto con Gestema para analizar tu situaci\u00f3n energ\u00e9tica y resolver cualquier duda. D\u00d3NDE ESTAMOS: Carrer d&#8217;Arag\u00f3, 366, Eixample, 08009 Barcelona LL\u00c1MANOS: +34 659 156 856 ESCR\u00cdBENOS: info@asesoriagestema.com Escr\u00edbenos Tu direcci\u00f3n de correo no ser\u00e1 publicada. Los campos obligatorios est\u00e1n marcados con [&hellip;]<\/p>\n","protected":false},"author":1,"featured_media":0,"parent":0,"menu_order":0,"comment_status":"closed","ping_status":"closed","template":"","meta":{"footnotes":""},"class_list":["post-83","page","type-page","status-publish","hentry"],"_links":{"self":[{"href":"https:\/\/asesoriagestema.com\/ca\/wp-json\/wp\/v2\/pages\/83","targetHints":{"allow":["GET"]}}],"collection":[{"href":"https:\/\/asesoriagestema.com\/ca\/wp-json\/wp\/v2\/pages"}],"about":[{"href":"https:\/\/asesoriagestema.com\/ca\/wp-json\/wp\/v2\/types\/page"}],"author":[{"embeddable":true,"href":"https:\/\/asesoriagestema.com\/ca\/wp-json\/wp\/v2\/users\/1"}],"replies":[{"embeddable":true,"href":"https:\/\/asesoriagestema.com\/ca\/wp-json\/wp\/v2\/comments?post=83"}],"version-history":[{"count":24,"href":"https:\/\/asesoriagestema.com\/ca\/wp-json\/wp\/v2\/pages\/83\/revisions"}],"predecessor-version":[{"id":4799,"href":"https:\/\/asesoriagestema.com\/ca\/wp-json\/wp\/v2\/pages\/83\/revisions\/4799"}],"wp:attachment":[{"href":"https:\/\/asesoriagestema.com\/ca\/wp-json\/wp\/v2\/media?parent=83"}],"curies":[{"name":"wp","href":"https:\/\/api.w.org\/{rel}","templated":true}]}}